{"id":6227,"date":"2023-11-23T23:59:31","date_gmt":"2023-11-23T22:59:31","guid":{"rendered":"https:\/\/triathlondugalondor.com\/?page_id=6227"},"modified":"2026-03-10T18:48:54","modified_gmt":"2026-03-10T17:48:54","slug":"triathlon-course-a-pied-natation-competition-covid","status":"publish","type":"page","link":"https:\/\/triathlondugalondor.com\/index.php\/triathlon-course-a-pied-natation-competition-covid\/","title":{"rendered":"Tri 2020"},"content":{"rendered":"\t\t<div data-elementor-type=\"wp-page\" data-elementor-id=\"6227\" class=\"elementor elementor-6227\">\n\t\t\t\t\t\t<section class=\"elementor-section elementor-top-section elementor-element elementor-element-ce21eec elementor-section-boxed elementor-section-height-default elementor-section-height-default\" data-id=\"ce21eec\" data-element_type=\"section\" data-e-type=\"section\">\n\t\t\t\t\t\t<div class=\"elementor-container elementor-column-gap-default\">\n\t\t\t\t\t<div class=\"elementor-column elementor-col-100 elementor-top-column elementor-element elementor-element-416b476\" data-id=\"416b476\" data-element_type=\"column\" data-e-type=\"column\">\n\t\t\t<div class=\"elementor-widget-wrap elementor-element-populated\">\n\t\t\t\t\t\t<div class=\"elementor-element elementor-element-754814a elementor-widget elementor-widget-heading\" data-id=\"754814a\" data-element_type=\"widget\" data-e-type=\"widget\" data-widget_type=\"heading.default\">\n\t\t\t\t<div class=\"elementor-widget-container\">\n\t\t\t\t\t<h1 class=\"elementor-heading-title elementor-size-default\">Annulation du Triathlon Galon d'Or 2020<\/h1>\t\t\t\t<\/div>\n\t\t\t\t<\/div>\n\t\t\t\t\t<\/div>\n\t\t<\/div>\n\t\t\t\t\t<\/div>\n\t\t<\/section>\n\t\t\t\t<section class=\"elementor-section elementor-top-section elementor-element elementor-element-b742afd elementor-section-boxed elementor-section-height-default elementor-section-height-default\" data-id=\"b742afd\" data-element_type=\"section\" data-e-type=\"section\">\n\t\t\t\t\t\t<div class=\"elementor-container elementor-column-gap-default\">\n\t\t\t\t\t<div class=\"elementor-column elementor-col-100 elementor-top-column elementor-element elementor-element-59ee855\" data-id=\"59ee855\" data-element_type=\"column\" data-e-type=\"column\">\n\t\t\t<div class=\"elementor-widget-wrap elementor-element-populated\">\n\t\t\t\t\t\t<div class=\"elementor-element elementor-element-6cd6df2 elementor-widget elementor-widget-heading\" data-id=\"6cd6df2\" data-element_type=\"widget\" data-e-type=\"widget\" data-widget_type=\"heading.default\">\n\t\t\t\t<div class=\"elementor-widget-container\">\n\t\t\t\t\t<h2 class=\"elementor-heading-title elementor-size-default\">Quand la COVID joue les trouble-f\u00eates  <\/h2>\t\t\t\t<\/div>\n\t\t\t\t<\/div>\n\t\t\t\t\t<\/div>\n\t\t<\/div>\n\t\t\t\t\t<\/div>\n\t\t<\/section>\n\t\t\t\t<section class=\"elementor-section elementor-top-section elementor-element elementor-element-43507114 elementor-section-boxed elementor-section-height-default elementor-section-height-default\" data-id=\"43507114\" data-element_type=\"section\" data-e-type=\"section\">\n\t\t\t\t\t\t<div class=\"elementor-container elementor-column-gap-default\">\n\t\t\t\t\t<div class=\"elementor-column elementor-col-100 elementor-top-column elementor-element elementor-element-4d31dc7a\" data-id=\"4d31dc7a\" data-element_type=\"column\" data-e-type=\"column\">\n\t\t\t<div class=\"elementor-widget-wrap elementor-element-populated\">\n\t\t\t\t\t\t<div class=\"elementor-element elementor-element-6e89ed35 elementor-widget__width-initial elementor-widget elementor-widget-video\" data-id=\"6e89ed35\" data-element_type=\"widget\" data-e-type=\"widget\" data-settings=\"{&quot;video_type&quot;:&quot;hosted&quot;,&quot;controls&quot;:&quot;yes&quot;}\" data-widget_type=\"video.default\">\n\t\t\t\t<div class=\"elementor-widget-container\">\n\t\t\t\t\t\t\t<div class=\"e-hosted-video elementor-wrapper elementor-open-inline\">\n\t\t\t\t\t<video class=\"elementor-video\" src=\"https:\/\/triathlondugalondor.com\/wp-content\/uploads\/2023\/11\/Teaser-2019-pour-2020.mp4\" controls=\"\" preload=\"metadata\" controlsList=\"nodownload\"><\/video>\n\t\t\t\t<\/div>\n\t\t\t\t\t\t<\/div>\n\t\t\t\t<\/div>\n\t\t\t\t\t<\/div>\n\t\t<\/div>\n\t\t\t\t\t<\/div>\n\t\t<\/section>\n\t\t\t\t<section class=\"elementor-section elementor-top-section elementor-element elementor-element-e971538 elementor-section-boxed elementor-section-height-default elementor-section-height-default\" data-id=\"e971538\" data-element_type=\"section\" data-e-type=\"section\">\n\t\t\t\t\t\t<div class=\"elementor-container elementor-column-gap-default\">\n\t\t\t\t\t<div class=\"elementor-column elementor-col-100 elementor-top-column elementor-element elementor-element-a4783ef\" data-id=\"a4783ef\" data-element_type=\"column\" data-e-type=\"column\">\n\t\t\t<div class=\"elementor-widget-wrap elementor-element-populated\">\n\t\t\t\t\t\t<div class=\"elementor-element elementor-element-4745fd3 elementor-widget elementor-widget-heading\" data-id=\"4745fd3\" data-element_type=\"widget\" data-e-type=\"widget\" data-widget_type=\"heading.default\">\n\t\t\t\t<div class=\"elementor-widget-container\">\n\t\t\t\t\t<h2 class=\"elementor-heading-title elementor-size-default\">Pas de r\u00e9sultats ... mais un  teaser  !!!<\/h2>\t\t\t\t<\/div>\n\t\t\t\t<\/div>\n\t\t\t\t\t<\/div>\n\t\t<\/div>\n\t\t\t\t\t<\/div>\n\t\t<\/section>\n\t\t\t\t<section class=\"elementor-section elementor-top-section elementor-element elementor-element-543cd95 elementor-section-boxed elementor-section-height-default elementor-section-height-default\" data-id=\"543cd95\" data-element_type=\"section\" data-e-type=\"section\">\n\t\t\t\t\t\t<div class=\"elementor-container elementor-column-gap-default\">\n\t\t\t\t\t<div class=\"elementor-column elementor-col-33 elementor-top-column elementor-element elementor-element-b6147ec\" data-id=\"b6147ec\" data-element_type=\"column\" data-e-type=\"column\">\n\t\t\t<div class=\"elementor-widget-wrap elementor-element-populated\">\n\t\t\t\t\t\t<div class=\"elementor-element elementor-element-4ca4612 elementor-widget elementor-widget-image\" data-id=\"4ca4612\" data-element_type=\"widget\" data-e-type=\"widget\" data-widget_type=\"image.default\">\n\t\t\t\t<div class=\"elementor-widget-container\">\n\t\t\t\t\t\t\t\t\t\t\t\t\t\t\t<img fetchpriority=\"high\" decoding=\"async\" width=\"300\" height=\"424\" src=\"https:\/\/triathlondugalondor.com\/wp-content\/uploads\/2023\/11\/2020-affiche-annulee.webp\" class=\"attachment-large size-large wp-image-6230\" alt=\"\u00e9preuve, comp\u00e9tition, Triathlon du galon d&#039;or Tri 2020\" srcset=\"https:\/\/triathlondugalondor.com\/wp-content\/uploads\/2023\/11\/2020-affiche-annulee.webp 300w, https:\/\/triathlondugalondor.com\/wp-content\/uploads\/2023\/11\/2020-affiche-annulee-212x300.webp 212w\" sizes=\"(max-width: 300px) 100vw, 300px\" \/>\t\t\t\t\t\t\t\t\t\t\t\t\t\t\t<\/div>\n\t\t\t\t<\/div>\n\t\t\t\t\t<\/div>\n\t\t<\/div>\n\t\t\t\t<div class=\"elementor-column elementor-col-33 elementor-top-column elementor-element elementor-element-70dc15f\" data-id=\"70dc15f\" data-element_type=\"column\" data-e-type=\"column\">\n\t\t\t<div class=\"elementor-widget-wrap elementor-element-populated\">\n\t\t\t\t\t\t<div class=\"elementor-element elementor-element-101c60f elementor-widget__width-initial elementor-widget elementor-widget-text-editor\" data-id=\"101c60f\" data-element_type=\"widget\" data-e-type=\"widget\" data-widget_type=\"text-editor.default\">\n\t\t\t\t<div class=\"elementor-widget-container\">\n\t\t\t\t\t\t\t\t\t<p style=\"text-align: left;\"><span data-contrast=\"none\">Salut les triathl\u00e8tes passionn\u00e9s et les amateurs d&rsquo;adr\u00e9naline ! Vous l&rsquo;avez probablement entendu : le <strong>Triathlon<\/strong> Galon d&rsquo;Or 2020 a \u00e9t\u00e9 annul\u00e9 en raison de la pand\u00e9mie.<\/span><span data-ccp-props=\"{&quot;134233117&quot;:false,&quot;134233118&quot;:false,&quot;201341983&quot;:0,&quot;335551550&quot;:1,&quot;335551620&quot;:1,&quot;335559685&quot;:0,&quot;335559737&quot;:0,&quot;335559738&quot;:0,&quot;335559739&quot;:160,&quot;335559740&quot;:259}\">\u00a0<\/span><\/p><p style=\"text-align: left;\"><span data-contrast=\"none\">C&rsquo;est comme si notre plan\u00e8te enti\u00e8re avait d\u00e9cid\u00e9 de faire une pause forc\u00e9e, y compris nos baskets de cp, nos v\u00e9los, et nos combis qui prennent d\u00e9sormais la poussi\u00e8re. Honn\u00eatement, c&rsquo;est un peu comme vous envoyer une invitation \u00e0 la f\u00eate pour d\u00e9couvrir ensuite qu&rsquo;elle a \u00e9t\u00e9 annul\u00e9e ;-(<\/span><span data-ccp-props=\"{&quot;201341983&quot;:0,&quot;335551550&quot;:0,&quot;335551620&quot;:0,&quot;335559739&quot;:160,&quot;335559740&quot;:259}\">\u00a0<\/span><\/p><p style=\"text-align: left;\"><span class=\"TextRun SCXW183450105 BCX8\" lang=\"FR-FR\" xml:lang=\"FR-FR\" data-contrast=\"none\"><span class=\"NormalTextRun SCXW183450105 BCX8\">Mais, s\u00e9rieusement, qui aurait pens\u00e9 que notre pire adversaire serait un virus invisible ? <span class=\"TextRun SCXW175893467 BCX8\" lang=\"FR-FR\" xml:lang=\"FR-FR\" data-contrast=\"none\"><span class=\"NormalTextRun SCXW175893467 BCX8\">Ce n&rsquo;est pas seulement une annulation, c&rsquo;est une pause forc\u00e9e dans notre routine, une rupture dans notre rythme de vie. On aurait aim\u00e9 plonger dans l&rsquo;eau, p\u00e9daler \u00e0 toute vitesse, et courir vers cette ligne d&rsquo;arriv\u00e9e qui semble maintenant \u00eatre \u00e0 des kilom\u00e8tres.<\/span><\/span><span class=\"EOP SCXW175893467 BCX8\" data-ccp-props=\"{&quot;201341983&quot;:0,&quot;335551550&quot;:0,&quot;335551620&quot;:0,&quot;335559739&quot;:160,&quot;335559740&quot;:259}\">\u00a0<\/span><\/span><\/span><\/p><p style=\"text-align: left;\"><span class=\"TextRun SCXW130610209 BCX8\" lang=\"FR-FR\" xml:lang=\"FR-FR\" data-contrast=\"none\"><span class=\"NormalTextRun SCXW130610209 BCX8\">Alors, amis, comp\u00e9titeurs, l&rsquo;annulation du Galon d&rsquo;Or 2020 n&rsquo;est qu&rsquo;une pause dans notre course, pas la fin de notre parcours. <\/span><\/span><span class=\"TextRun SCXW130610209 BCX8\" lang=\"FR-FR\" xml:lang=\"FR-FR\" data-contrast=\"none\"><span class=\"NormalTextRun SCXW130610209 BCX8\">Gardons le moral, restons en forme, et pr\u00e9parons notre retour ! \ud83c\udfca\u200d\u2642\ufe0f\ud83d\udeb4\u200d\u2640\ufe0f\ud83c\udfc3\u200d\u2642<\/span><span class=\"NormalTextRun ContextualSpellingAndGrammarErrorV2Themed SCXW130610209 BCX8\">\ufe0f\u00a0 #<\/span><span class=\"NormalTextRun SCXW130610209 BCX8\">StayStrongTriathletes<\/span><\/span><span class=\"EOP SCXW130610209 BCX8\" data-ccp-props=\"{&quot;201341983&quot;:0,&quot;335551550&quot;:0,&quot;335551620&quot;:0,&quot;335559739&quot;:160,&quot;335559740&quot;:259}\">\u00a0<\/span><\/p>\t\t\t\t\t\t\t\t<\/div>\n\t\t\t\t<\/div>\n\t\t\t\t\t<\/div>\n\t\t<\/div>\n\t\t\t\t<div class=\"elementor-column elementor-col-33 elementor-top-column elementor-element elementor-element-27ef778\" data-id=\"27ef778\" data-element_type=\"column\" data-e-type=\"column\">\n\t\t\t<div class=\"elementor-widget-wrap elementor-element-populated\">\n\t\t\t\t\t\t<div class=\"elementor-element elementor-element-d117cbf elementor-widget__width-initial elementor-widget elementor-widget-image\" data-id=\"d117cbf\" data-element_type=\"widget\" data-e-type=\"widget\" data-widget_type=\"image.default\">\n\t\t\t\t<div class=\"elementor-widget-container\">\n\t\t\t\t\t\t\t\t\t\t\t\t\t\t\t<img decoding=\"async\" width=\"150\" height=\"150\" src=\"https:\/\/triathlondugalondor.com\/wp-content\/uploads\/2023\/11\/virus-150x150.webp\" class=\"attachment-thumbnail size-thumbnail wp-image-6374\" alt=\"\" srcset=\"https:\/\/triathlondugalondor.com\/wp-content\/uploads\/2023\/11\/virus-150x150.webp 150w, https:\/\/triathlondugalondor.com\/wp-content\/uploads\/2023\/11\/virus-298x300.webp 298w, https:\/\/triathlondugalondor.com\/wp-content\/uploads\/2023\/11\/virus-e1700819800385.webp 80w\" sizes=\"(max-width: 150px) 100vw, 150px\" \/>\t\t\t\t\t\t\t\t\t\t\t\t\t\t\t<\/div>\n\t\t\t\t<\/div>\n\t\t\t\t\t<\/div>\n\t\t<\/div>\n\t\t\t\t\t<\/div>\n\t\t<\/section>\n\t\t\t\t<section class=\"elementor-section elementor-top-section elementor-element elementor-element-d289334 elementor-section-boxed elementor-section-height-default elementor-section-height-default\" data-id=\"d289334\" data-element_type=\"section\" data-e-type=\"section\">\n\t\t\t\t\t\t<div class=\"elementor-container elementor-column-gap-default\">\n\t\t\t\t\t<div class=\"elementor-column elementor-col-100 elementor-top-column elementor-element elementor-element-9082aca\" data-id=\"9082aca\" data-element_type=\"column\" data-e-type=\"column\">\n\t\t\t<div class=\"elementor-widget-wrap elementor-element-populated\">\n\t\t\t\t\t\t<div class=\"elementor-element elementor-element-43c4f707 elementor-align-center elementor-widget elementor-widget-button\" data-id=\"43c4f707\" data-element_type=\"widget\" data-e-type=\"widget\" data-widget_type=\"button.default\">\n\t\t\t\t<div class=\"elementor-widget-container\">\n\t\t\t\t\t\t\t\t\t<div class=\"elementor-button-wrapper\">\n\t\t\t\t\t<a class=\"elementor-button elementor-button-link elementor-size-xl\" href=\"https:\/\/triathlondugalondor.com\/\">\n\t\t\t\t\t\t<span class=\"elementor-button-content-wrapper\">\n\t\t\t\t\t\t\t\t\t<span class=\"elementor-button-text\">Accueil<\/span>\n\t\t\t\t\t<\/span>\n\t\t\t\t\t<\/a>\n\t\t\t\t<\/div>\n\t\t\t\t\t\t\t\t<\/div>\n\t\t\t\t<\/div>\n\t\t\t\t\t<\/div>\n\t\t<\/div>\n\t\t\t\t\t<\/div>\n\t\t<\/section>\n\t\t\t\t<\/div>\n\t\t","protected":false},"excerpt":{"rendered":"<p>Annulation du Triathlon Galon d&rsquo;Or 2020 Quand la COVID joue les trouble-f\u00eates https:\/\/triathlondugalondor.com\/wp-content\/uploads\/2023\/11\/Teaser-2019-pour-2020.mp4 Pas de r\u00e9sultats &#8230; mais un teaser !!! Salut les triathl\u00e8tes passionn\u00e9s et les amateurs d&rsquo;adr\u00e9naline ! Vous l&rsquo;avez probablement entendu : le Triathlon Galon d&rsquo;Or 2020 a \u00e9t\u00e9 annul\u00e9 en raison de la pand\u00e9mie.\u00a0 C&rsquo;est comme si notre plan\u00e8te enti\u00e8re avait [&hellip;]<\/p>\n","protected":false},"author":1,"featured_media":0,"parent":0,"menu_order":0,"comment_status":"closed","ping_status":"closed","template":"elementor_header_footer","meta":{"footnotes":""},"class_list":["post-6227","page","type-page","status-publish","hentry"],"yoast_head":"<!-- This site is optimized with the Yoast SEO plugin v27.1.1 - https:\/\/yoast.com\/product\/yoast-seo-wordpress\/ -->\n<title>Tri 2020 - Triathlon du Galon D&#039;or<\/title>\n<meta name=\"description\" content=\"Quand la COVID joue les Trouble-f\u00eates : le Triathlon Galon d&#039;Or 2020 a \u00e9t\u00e9 annul\u00e9 en raison de la pand\u00e9mie.\" \/>\n<meta name=\"robots\" content=\"index, follow, max-snippet:-1, max-image-preview:large, max-video-preview:-1\" \/>\n<link rel=\"canonical\" href=\"https:\/\/triathlondugalondor.com\/index.php\/triathlon-course-a-pied-natation-competition-covid\/\" \/>\n<meta property=\"og:locale\" content=\"fr_FR\" \/>\n<meta property=\"og:type\" content=\"article\" \/>\n<meta property=\"og:title\" content=\"Tri 2020 - Triathlon du Galon D&#039;or\" \/>\n<meta property=\"og:description\" content=\"Quand la COVID joue les Trouble-f\u00eates : le Triathlon Galon d&#039;Or 2020 a \u00e9t\u00e9 annul\u00e9 en raison de la pand\u00e9mie.\" \/>\n<meta property=\"og:url\" content=\"https:\/\/triathlondugalondor.com\/index.php\/triathlon-course-a-pied-natation-competition-covid\/\" \/>\n<meta property=\"og:site_name\" content=\"Triathlon du Galon D&#039;or\" \/>\n<meta property=\"article:publisher\" content=\"https:\/\/www.facebook.com\/p\/Triathlon-du-Galon-dOr-100054598832582\/?locale=fr_FR\" \/>\n<meta property=\"article:modified_time\" content=\"2026-03-10T17:48:54+00:00\" \/>\n<meta property=\"og:image\" content=\"https:\/\/triathlondugalondor.com\/wp-content\/uploads\/2023\/11\/2020-affiche-annulee.webp\" \/>\n\t<meta property=\"og:image:width\" content=\"300\" \/>\n\t<meta property=\"og:image:height\" content=\"424\" \/>\n\t<meta property=\"og:image:type\" content=\"image\/webp\" \/>\n<meta name=\"twitter:card\" content=\"summary_large_image\" \/>\n<meta name=\"twitter:label1\" content=\"Dur\u00e9e de lecture estim\u00e9e\" \/>\n\t<meta name=\"twitter:data1\" content=\"3 minutes\" \/>\n<script type=\"application\/ld+json\" class=\"yoast-schema-graph\">{\"@context\":\"https:\/\/schema.org\",\"@graph\":[{\"@type\":\"WebPage\",\"@id\":\"https:\/\/triathlondugalondor.com\/index.php\/triathlon-course-a-pied-natation-competition-covid\/\",\"url\":\"https:\/\/triathlondugalondor.com\/index.php\/triathlon-course-a-pied-natation-competition-covid\/\",\"name\":\"Tri 2020 - Triathlon du Galon D&#039;or\",\"isPartOf\":{\"@id\":\"https:\/\/triathlondugalondor.com\/#website\"},\"primaryImageOfPage\":{\"@id\":\"https:\/\/triathlondugalondor.com\/index.php\/triathlon-course-a-pied-natation-competition-covid\/#primaryimage\"},\"image\":{\"@id\":\"https:\/\/triathlondugalondor.com\/index.php\/triathlon-course-a-pied-natation-competition-covid\/#primaryimage\"},\"thumbnailUrl\":\"https:\/\/triathlondugalondor.com\/wp-content\/uploads\/2023\/11\/2020-affiche-annulee.webp\",\"datePublished\":\"2023-11-23T22:59:31+00:00\",\"dateModified\":\"2026-03-10T17:48:54+00:00\",\"description\":\"Quand la COVID joue les Trouble-f\u00eates : le Triathlon Galon d'Or 2020 a \u00e9t\u00e9 annul\u00e9 en raison de la pand\u00e9mie.\",\"breadcrumb\":{\"@id\":\"https:\/\/triathlondugalondor.com\/index.php\/triathlon-course-a-pied-natation-competition-covid\/#breadcrumb\"},\"inLanguage\":\"fr-FR\",\"potentialAction\":[{\"@type\":\"ReadAction\",\"target\":[\"https:\/\/triathlondugalondor.com\/index.php\/triathlon-course-a-pied-natation-competition-covid\/\"]}]},{\"@type\":\"ImageObject\",\"inLanguage\":\"fr-FR\",\"@id\":\"https:\/\/triathlondugalondor.com\/index.php\/triathlon-course-a-pied-natation-competition-covid\/#primaryimage\",\"url\":\"https:\/\/triathlondugalondor.com\/wp-content\/uploads\/2023\/11\/2020-affiche-annulee.webp\",\"contentUrl\":\"https:\/\/triathlondugalondor.com\/wp-content\/uploads\/2023\/11\/2020-affiche-annulee.webp\",\"width\":300,\"height\":424,\"caption\":\"\u00e9v\u00e8nement, triathlon du galon d'or 2020\"},{\"@type\":\"BreadcrumbList\",\"@id\":\"https:\/\/triathlondugalondor.com\/index.php\/triathlon-course-a-pied-natation-competition-covid\/#breadcrumb\",\"itemListElement\":[{\"@type\":\"ListItem\",\"position\":1,\"name\":\"Accueil\",\"item\":\"https:\/\/triathlondugalondor.com\/\"},{\"@type\":\"ListItem\",\"position\":2,\"name\":\"Tri 2020\"}]},{\"@type\":\"WebSite\",\"@id\":\"https:\/\/triathlondugalondor.com\/#website\",\"url\":\"https:\/\/triathlondugalondor.com\/\",\"name\":\"Triathlon du Galon D'or\",\"description\":\"CopyrightTriatlhongalondor2022\",\"publisher\":{\"@id\":\"https:\/\/triathlondugalondor.com\/#organization\"},\"potentialAction\":[{\"@type\":\"SearchAction\",\"target\":{\"@type\":\"EntryPoint\",\"urlTemplate\":\"https:\/\/triathlondugalondor.com\/?s={search_term_string}\"},\"query-input\":{\"@type\":\"PropertyValueSpecification\",\"valueRequired\":true,\"valueName\":\"search_term_string\"}}],\"inLanguage\":\"fr-FR\"},{\"@type\":\"Organization\",\"@id\":\"https:\/\/triathlondugalondor.com\/#organization\",\"name\":\"Triathlon du Galon D'or\",\"url\":\"https:\/\/triathlondugalondor.com\/\",\"logo\":{\"@type\":\"ImageObject\",\"inLanguage\":\"fr-FR\",\"@id\":\"https:\/\/triathlondugalondor.com\/#\/schema\/logo\/image\/\",\"url\":\"https:\/\/triathlondugalondor.com\/wp-content\/uploads\/2024\/05\/cropped-Design-sans-titre-_1_.webp\",\"contentUrl\":\"https:\/\/triathlondugalondor.com\/wp-content\/uploads\/2024\/05\/cropped-Design-sans-titre-_1_.webp\",\"width\":300,\"height\":140,\"caption\":\"Triathlon du Galon D'or\"},\"image\":{\"@id\":\"https:\/\/triathlondugalondor.com\/#\/schema\/logo\/image\/\"},\"sameAs\":[\"https:\/\/www.facebook.com\/p\/Triathlon-du-Galon-dOr-100054598832582\/?locale=fr_FR\"]}]}<\/script>\n<!-- \/ Yoast SEO plugin. -->","yoast_head_json":{"title":"Tri 2020 - Triathlon du Galon D&#039;or","description":"Quand la COVID joue les Trouble-f\u00eates : le Triathlon Galon d'Or 2020 a \u00e9t\u00e9 annul\u00e9 en raison de la pand\u00e9mie.","robots":{"index":"index","follow":"follow","max-snippet":"max-snippet:-1","max-image-preview":"max-image-preview:large","max-video-preview":"max-video-preview:-1"},"canonical":"https:\/\/triathlondugalondor.com\/index.php\/triathlon-course-a-pied-natation-competition-covid\/","og_locale":"fr_FR","og_type":"article","og_title":"Tri 2020 - Triathlon du Galon D&#039;or","og_description":"Quand la COVID joue les Trouble-f\u00eates : le Triathlon Galon d'Or 2020 a \u00e9t\u00e9 annul\u00e9 en raison de la pand\u00e9mie.","og_url":"https:\/\/triathlondugalondor.com\/index.php\/triathlon-course-a-pied-natation-competition-covid\/","og_site_name":"Triathlon du Galon D&#039;or","article_publisher":"https:\/\/www.facebook.com\/p\/Triathlon-du-Galon-dOr-100054598832582\/?locale=fr_FR","article_modified_time":"2026-03-10T17:48:54+00:00","og_image":[{"width":300,"height":424,"url":"https:\/\/triathlondugalondor.com\/wp-content\/uploads\/2023\/11\/2020-affiche-annulee.webp","type":"image\/webp"}],"twitter_card":"summary_large_image","twitter_misc":{"Dur\u00e9e de lecture estim\u00e9e":"3 minutes"},"schema":{"@context":"https:\/\/schema.org","@graph":[{"@type":"WebPage","@id":"https:\/\/triathlondugalondor.com\/index.php\/triathlon-course-a-pied-natation-competition-covid\/","url":"https:\/\/triathlondugalondor.com\/index.php\/triathlon-course-a-pied-natation-competition-covid\/","name":"Tri 2020 - Triathlon du Galon D&#039;or","isPartOf":{"@id":"https:\/\/triathlondugalondor.com\/#website"},"primaryImageOfPage":{"@id":"https:\/\/triathlondugalondor.com\/index.php\/triathlon-course-a-pied-natation-competition-covid\/#primaryimage"},"image":{"@id":"https:\/\/triathlondugalondor.com\/index.php\/triathlon-course-a-pied-natation-competition-covid\/#primaryimage"},"thumbnailUrl":"https:\/\/triathlondugalondor.com\/wp-content\/uploads\/2023\/11\/2020-affiche-annulee.webp","datePublished":"2023-11-23T22:59:31+00:00","dateModified":"2026-03-10T17:48:54+00:00","description":"Quand la COVID joue les Trouble-f\u00eates : le Triathlon Galon d'Or 2020 a \u00e9t\u00e9 annul\u00e9 en raison de la pand\u00e9mie.","breadcrumb":{"@id":"https:\/\/triathlondugalondor.com\/index.php\/triathlon-course-a-pied-natation-competition-covid\/#breadcrumb"},"inLanguage":"fr-FR","potentialAction":[{"@type":"ReadAction","target":["https:\/\/triathlondugalondor.com\/index.php\/triathlon-course-a-pied-natation-competition-covid\/"]}]},{"@type":"ImageObject","inLanguage":"fr-FR","@id":"https:\/\/triathlondugalondor.com\/index.php\/triathlon-course-a-pied-natation-competition-covid\/#primaryimage","url":"https:\/\/triathlondugalondor.com\/wp-content\/uploads\/2023\/11\/2020-affiche-annulee.webp","contentUrl":"https:\/\/triathlondugalondor.com\/wp-content\/uploads\/2023\/11\/2020-affiche-annulee.webp","width":300,"height":424,"caption":"\u00e9v\u00e8nement, triathlon du galon d'or 2020"},{"@type":"BreadcrumbList","@id":"https:\/\/triathlondugalondor.com\/index.php\/triathlon-course-a-pied-natation-competition-covid\/#breadcrumb","itemListElement":[{"@type":"ListItem","position":1,"name":"Accueil","item":"https:\/\/triathlondugalondor.com\/"},{"@type":"ListItem","position":2,"name":"Tri 2020"}]},{"@type":"WebSite","@id":"https:\/\/triathlondugalondor.com\/#website","url":"https:\/\/triathlondugalondor.com\/","name":"Triathlon du Galon D'or","description":"CopyrightTriatlhongalondor2022","publisher":{"@id":"https:\/\/triathlondugalondor.com\/#organization"},"potentialAction":[{"@type":"SearchAction","target":{"@type":"EntryPoint","urlTemplate":"https:\/\/triathlondugalondor.com\/?s={search_term_string}"},"query-input":{"@type":"PropertyValueSpecification","valueRequired":true,"valueName":"search_term_string"}}],"inLanguage":"fr-FR"},{"@type":"Organization","@id":"https:\/\/triathlondugalondor.com\/#organization","name":"Triathlon du Galon D'or","url":"https:\/\/triathlondugalondor.com\/","logo":{"@type":"ImageObject","inLanguage":"fr-FR","@id":"https:\/\/triathlondugalondor.com\/#\/schema\/logo\/image\/","url":"https:\/\/triathlondugalondor.com\/wp-content\/uploads\/2024\/05\/cropped-Design-sans-titre-_1_.webp","contentUrl":"https:\/\/triathlondugalondor.com\/wp-content\/uploads\/2024\/05\/cropped-Design-sans-titre-_1_.webp","width":300,"height":140,"caption":"Triathlon du Galon D'or"},"image":{"@id":"https:\/\/triathlondugalondor.com\/#\/schema\/logo\/image\/"},"sameAs":["https:\/\/www.facebook.com\/p\/Triathlon-du-Galon-dOr-100054598832582\/?locale=fr_FR"]}]}},"_links":{"self":[{"href":"https:\/\/triathlondugalondor.com\/index.php\/wp-json\/wp\/v2\/pages\/6227","targetHints":{"allow":["GET"]}}],"collection":[{"href":"https:\/\/triathlondugalondor.com\/index.php\/wp-json\/wp\/v2\/pages"}],"about":[{"href":"https:\/\/triathlondugalondor.com\/index.php\/wp-json\/wp\/v2\/types\/page"}],"author":[{"embeddable":true,"href":"https:\/\/triathlondugalondor.com\/index.php\/wp-json\/wp\/v2\/users\/1"}],"replies":[{"embeddable":true,"href":"https:\/\/triathlondugalondor.com\/index.php\/wp-json\/wp\/v2\/comments?post=6227"}],"version-history":[{"count":59,"href":"https:\/\/triathlondugalondor.com\/index.php\/wp-json\/wp\/v2\/pages\/6227\/revisions"}],"predecessor-version":[{"id":12326,"href":"https:\/\/triathlondugalondor.com\/index.php\/wp-json\/wp\/v2\/pages\/6227\/revisions\/12326"}],"wp:attachment":[{"href":"https:\/\/triathlondugalondor.com\/index.php\/wp-json\/wp\/v2\/media?parent=6227"}],"curies":[{"name":"wp","href":"https:\/\/api.w.org\/{rel}","templated":true}]}}